{"id":35,"date":"2021-01-03T11:18:11","date_gmt":"2021-01-03T10:18:11","guid":{"rendered":"http:\/\/localhost\/sanosil\/?page_id=35"},"modified":"2021-01-17T19:35:49","modified_gmt":"2021-01-17T18:35:49","slug":"sample-page","status":"publish","type":"page","link":"https:\/\/sanosil.at\/?page_id=35","title":{"rendered":"Shop"},"content":{"rendered":"<h2>Vielen Dank f\u00fcr Ihr Interesse an unseren Produkten<\/h2>\n<h2>In unserem <a href=\"https:\/\/eddides.at\/shop\/\">Shop<\/a> k\u00f6nnen Sie unsere Artikel erwerben.<\/h2>\n<p><img decoding=\"async\" loading=\"lazy\" class=\"alignnone size-thumbnail wp-image-402\" src=\"https:\/\/sanosil.at\/wp-content\/uploads\/2021\/01\/Sanosilverkaufer.png\" alt=\"\" width=\"150\" height=\"150\" srcset=\"https:\/\/sanosil.at\/wp-content\/uploads\/2021\/01\/Sanosilverkaufer.png 150w, https:\/\/sanosil.at\/wp-content\/uploads\/2021\/01\/Sanosilverkaufer-92x92.png 92w\" sizes=\"(max-width: 150px) 100vw, 150px\" \/> <img decoding=\"async\" loading=\"lazy\" class=\"alignnone size-thumbnail wp-image-403\" src=\"https:\/\/sanosil.at\/wp-content\/uploads\/2021\/01\/WKW-Direkvertriebler.jpg\" alt=\"\" width=\"120\" height=\"120\" srcset=\"https:\/\/sanosil.at\/wp-content\/uploads\/2021\/01\/WKW-Direkvertriebler.jpg 120w, https:\/\/sanosil.at\/wp-content\/uploads\/2021\/01\/WKW-Direkvertriebler-92x92.jpg 92w\" sizes=\"(max-width: 120px) 100vw, 120px\" \/><\/p>\n<p>&nbsp;<\/p>\n<h2><span style=\"text-decoration: underline;\"><a href=\"https:\/\/eddides.at\/shop\/\">Hier k\u00f6nnen Sie einkaufen<\/a><\/span><\/h2>\n","protected":false},"excerpt":{"rendered":"<p>Vielen Dank f\u00fcr Ihr Interesse an unseren Produkten In unserem Shop k\u00f6nnen Sie unsere Artikel erwerben. &nbsp; Hier k\u00f6nnen Sie einkaufen<\/p>\n","protected":false},"author":1,"featured_media":0,"parent":0,"menu_order":0,"comment_status":"closed","ping_status":"closed","template":"","meta":[],"_links":{"self":[{"href":"https:\/\/sanosil.at\/index.php?rest_route=\/wp\/v2\/pages\/35"}],"collection":[{"href":"https:\/\/sanosil.at\/index.php?rest_route=\/wp\/v2\/pages"}],"about":[{"href":"https:\/\/sanosil.at\/index.php?rest_route=\/wp\/v2\/types\/page"}],"author":[{"embeddable":true,"href":"https:\/\/sanosil.at\/index.php?rest_route=\/wp\/v2\/users\/1"}],"replies":[{"embeddable":true,"href":"https:\/\/sanosil.at\/index.php?rest_route=%2Fwp%2Fv2%2Fcomments&post=35"}],"version-history":[{"count":11,"href":"https:\/\/sanosil.at\/index.php?rest_route=\/wp\/v2\/pages\/35\/revisions"}],"predecessor-version":[{"id":394,"href":"https:\/\/sanosil.at\/index.php?rest_route=\/wp\/v2\/pages\/35\/revisions\/394"}],"wp:attachment":[{"href":"https:\/\/sanosil.at\/index.php?rest_route=%2Fwp%2Fv2%2Fmedia&parent=35"}],"curies":[{"name":"wp","href":"https:\/\/api.w.org\/{rel}","templated":true}]}}