{"id":325,"date":"2020-03-10T13:04:10","date_gmt":"2020-03-10T13:04:10","guid":{"rendered":"http:\/\/localhost\/sanosil\/?page_id=8"},"modified":"2021-09-08T14:47:14","modified_gmt":"2021-09-08T12:47:14","slug":"homepage","status":"publish","type":"page","link":"https:\/\/sanosil.at\/","title":{"rendered":"Home"},"content":{"rendered":"<h2 class=\"blue main_title\"><\/h2>\n<h2 class=\"blue main_title\"><strong>Desinfektion\u00a0 \u00a0 \u00a0 \u00a0 \u00a0 \u00a0 <a href=\"https:\/\/eddides.at\/\" target=\"_blank\" rel=\"noopener\">Sch\u00e4dlingsbek\u00e4mpfung <\/a>\u00a0 \u00a0 \u00a0 \u00a0 \u00a0 \u00a0 \u00a0 <a href=\"https:\/\/eddides.at\/\" target=\"_blank\" rel=\"noopener\">Bauforensik<\/a><\/strong><\/h2>\n<h2><\/h2>\n<h3>Ihr \u00f6sterreichischer\u00a0 H\u00e4ndler\u00a0 von\u00a0 \u00a0 <img decoding=\"async\" loading=\"lazy\" class=\"alignnone size-full wp-image-8\" src=\"https:\/\/sanosil.at\/wp-content\/uploads\/2020\/12\/Sanosil_Logo.png\" alt=\"\" width=\"396\" height=\"80\" srcset=\"https:\/\/sanosil.at\/wp-content\/uploads\/2020\/12\/Sanosil_Logo.png 396w, https:\/\/sanosil.at\/wp-content\/uploads\/2020\/12\/Sanosil_Logo-300x61.png 300w\" sizes=\"(max-width: 396px) 100vw, 396px\" \/>\u00a0 \u00a0 \u00a0 <img decoding=\"async\" loading=\"lazy\" class=\"alignnone size-full wp-image-726\" src=\"https:\/\/sanosil.at\/wp-content\/uploads\/2021\/01\/Sanosilvertriebspartner.png\" alt=\"\" width=\"150\" height=\"150\" srcset=\"https:\/\/sanosil.at\/wp-content\/uploads\/2021\/01\/Sanosilvertriebspartner.png 150w, https:\/\/sanosil.at\/wp-content\/uploads\/2021\/01\/Sanosilvertriebspartner-92x92.png 92w\" sizes=\"(max-width: 150px) 100vw, 150px\" \/><\/h3>\n<h3>In enger Zusammenarbeit mit Sanosil erarbeiten wir L\u00f6sungen um unsere Kunden umfassend zu unterst\u00fctzen.<br \/>\n<a href=\"https:\/\/eddides.at\/\" target=\"_blank\" rel=\"noopener\"><strong><span style=\"color: blue; background: white; text-decoration: none; text-underline: none;\"\/span><\/strong><\/a>Sch\u00e4dlingsbek\u00e4mpfung und <a href=\"https:\/\/eddides.at\/\" target=\"_blank\" rel=\"noopener\"><strong><span style=\"color: blue; background: white; text-decoration: none; text-underline: none;\"\/span><\/strong><\/a> Bauforensik runden unser Produktportfolio im Dienste unserer Kunden ab.<\/h3>\n<p><span style=\"font-size: 1.4rem;\"><br \/>\n<\/span><a style=\"background-color: #ffffff; font-size: 1.4rem;\" href=\"https:\/\/eddides.at\/\">\u00a0<\/a><\/p>\n<div id=\"home_text_wrapper\" class=\"no_transition\">\n<div class=\"overflowWrapper\">\n<p>&nbsp;<\/p>\n<\/div>\n<\/div>\n","protected":false},"excerpt":{"rendered":"<p>Desinfektion\u00a0 \u00a0 \u00a0 \u00a0 \u00a0 \u00a0 Sch\u00e4dlingsbek\u00e4mpfung \u00a0 \u00a0 \u00a0 \u00a0 \u00a0 \u00a0 \u00a0 Bauforensik Ihr \u00f6sterreichischer\u00a0 H\u00e4ndler\u00a0 von\u00a0 \u00a0 \u00a0 \u00a0 \u00a0 In enger Zusammenarbeit mit Sanosil erarbeiten wir L\u00f6sungen um unsere Kunden umfassend zu unterst\u00fctzen. Sch\u00e4dlingsbek\u00e4mpfung und Bauforensik runden unser Produktportfolio im Dienste unserer Kunden ab. \u00a0 &nbsp;<\/p>\n","protected":false},"author":1,"featured_media":0,"parent":0,"menu_order":0,"comment_status":"closed","ping_status":"closed","template":"template-home.php","meta":[],"_links":{"self":[{"href":"https:\/\/sanosil.at\/index.php?rest_route=\/wp\/v2\/pages\/325"}],"collection":[{"href":"https:\/\/sanosil.at\/index.php?rest_route=\/wp\/v2\/pages"}],"about":[{"href":"https:\/\/sanosil.at\/index.php?rest_route=\/wp\/v2\/types\/page"}],"author":[{"embeddable":true,"href":"https:\/\/sanosil.at\/index.php?rest_route=\/wp\/v2\/users\/1"}],"replies":[{"embeddable":true,"href":"https:\/\/sanosil.at\/index.php?rest_route=%2Fwp%2Fv2%2Fcomments&post=325"}],"version-history":[{"count":24,"href":"https:\/\/sanosil.at\/index.php?rest_route=\/wp\/v2\/pages\/325\/revisions"}],"predecessor-version":[{"id":1097,"href":"https:\/\/sanosil.at\/index.php?rest_route=\/wp\/v2\/pages\/325\/revisions\/1097"}],"wp:attachment":[{"href":"https:\/\/sanosil.at\/index.php?rest_route=%2Fwp%2Fv2%2Fmedia&parent=325"}],"curies":[{"name":"wp","href":"https:\/\/api.w.org\/{rel}","templated":true}]}}