{"id":3,"date":"2020-12-12T07:34:11","date_gmt":"2020-12-12T06:34:11","guid":{"rendered":"http:\/\/sanosil.at\/?page_id=3"},"modified":"2025-10-15T22:06:26","modified_gmt":"2025-10-15T20:06:26","slug":"datenschutzerklaerung","status":"publish","type":"page","link":"https:\/\/sanosil.at\/?page_id=3","title":{"rendered":"DSGVO\/AGB"},"content":{"rendered":"\r\n<h2>\u00a0<\/h2>\r\n<h2><a href=\"https:\/\/eddides.at\/\">Wer wir sind:<\/a><\/h2>\r\n<h4 style=\"text-align: center;\">\u00a0<\/h4>\r\n<div class=\"row clearfix single_row\">\r\n<div class=\"col-lg-6 col-md-6 col-sm-6 col-xs-12 editor_ui_right\"><img decoding=\"async\" loading=\"lazy\" class=\"alignnone wp-image-1198 \" src=\"https:\/\/sanosil.at\/wp-content\/uploads\/2025\/10\/EDDIDES-geschuetzt-als-Foto-300.png\" alt=\"\" width=\"430\" height=\"189\" \/><br \/>\r\n<h4 style=\"text-align: center;\">\u00a0<\/h4>\r\n<\/div>\r\n<div class=\"col-lg-6 col-md-6 col-sm-6 col-xs-12 editor_ui_left\">\r\n<h4>\u00a0<\/h4>\r\n<h4>\u00a0<\/h4>\r\n<h4 style=\"text-align: center;\"><a href=\"https:\/\/eddides.at\/\"><span style=\"text-decoration: underline;\">Handel und Dienstleistung m. Desinfektionsprodukten<br \/>Sch\u00e4dlingsbek\u00e4mpfung\u00a0<br \/>Bauforensik<\/span><\/a><\/h4>\r\n<\/div>\r\n<\/div>\r\n<p>&nbsp;<\/p>\r\n<h4 style=\"text-align: center;\"><img decoding=\"async\" loading=\"lazy\" class=\"alignnone size-full wp-image-726\" src=\"https:\/\/sanosil.at\/wp-content\/uploads\/2021\/01\/Sanosilvertriebspartner.png\" alt=\"\" width=\"150\" height=\"150\" srcset=\"https:\/\/sanosil.at\/wp-content\/uploads\/2021\/01\/Sanosilvertriebspartner.png 150w, https:\/\/sanosil.at\/wp-content\/uploads\/2021\/01\/Sanosilvertriebspartner-92x92.png 92w\" sizes=\"(max-width: 150px) 100vw, 150px\" \/><img decoding=\"async\" loading=\"lazy\" class=\"alignnone size-full wp-image-727\" style=\"font-size: 1.8rem;\" src=\"https:\/\/sanosil.at\/wp-content\/uploads\/2021\/01\/WKW-Zertifizierung.jpg\" alt=\"\" width=\"120\" height=\"120\" srcset=\"https:\/\/sanosil.at\/wp-content\/uploads\/2021\/01\/WKW-Zertifizierung.jpg 120w, https:\/\/sanosil.at\/wp-content\/uploads\/2021\/01\/WKW-Zertifizierung-92x92.jpg 92w\" sizes=\"(max-width: 120px) 100vw, 120px\" \/><img decoding=\"async\" loading=\"lazy\" class=\"alignnone size-full wp-image-725\" style=\"font-size: 1.8rem;\" src=\"https:\/\/sanosil.at\/wp-content\/uploads\/2021\/01\/Meisterbvetrieb.png\" alt=\"\" width=\"100\" height=\"100\" srcset=\"https:\/\/sanosil.at\/wp-content\/uploads\/2021\/01\/Meisterbvetrieb.png 100w, https:\/\/sanosil.at\/wp-content\/uploads\/2021\/01\/Meisterbvetrieb-92x92.png 92w\" sizes=\"(max-width: 100px) 100vw, 100px\" \/><\/h4>\r\n\r\n\r\n\r\n<p class=\"uppercase blue\"><span style=\"text-decoration: underline;\"><strong>Offenlegung nach \u00a7 14 HGB<\/strong><\/span><br \/><br \/><strong>Verantwortlich f\u00fcr den Inhalt der Website:<\/strong><\/p>\r\n<p class=\"uppercase blue\">J\u00f6rg Lange<br \/>Fa. <a href=\"https:\/\/eddides.at\/\">Eddides e.U.<\/a><br \/>Handel und Dienstleistung m. Desinfektionsprodukten<br \/>Sch\u00e4dlingsbek\u00e4mpfung\u00a0<br \/>Bauforensik<\/p>\r\n<p class=\"uppercase blue\"><br \/><strong>Gesch\u00e4ftsf\u00fchrer und gewerberechtlicher Gesch\u00e4ftsf\u00fchrer:<\/strong> J\u00f6rg Lange\u00a0 Sch\u00e4dlingsbek\u00e4mpfungsmeister \/ Geb\u00e4udereinigungsdesinfektor<\/p>\r\n<p class=\"uppercase blue\"><br \/><b>Rechnungsadresse:<\/b><br \/>Schuhfabrikgasse 17,3.Etage Top 11+11A<br \/>1230 Wien<br \/><br \/><b>B\u00fcro\/Lager\/Abholung:<\/b><br \/><a href=\"https:\/\/www.google.com\/maps\/place\/Schuhfabrikgasse+17,+1230+Wien\/@48.1583115,16.3004744,17z\/data=!3m1!4b1!4m5!3m4!1s0x476da8879c64a6e3:0x9ff5ac3a3132e1ba!8m2!3d48.1583115!4d16.3026631\">Schuhfabrikgasse 17 3 Etage Top 11<\/a><br \/>1230 Wien<br \/><br \/><b>B\u00fcro\/Lager\u00d6ffnungszeiten:<\/b><br \/>montags bis Freitags 9:00-17:00<br \/><br \/>Tel: 0043 664 45 71 979<\/p>\r\n<p class=\"uppercase blue\">Tel: 0043 1 8040116<br \/>Mail: <a href=\"mailto:office@eddides.at\">buero@eddides.at<\/a><br \/>UID: ATU 58187205<br \/>FN 644247Y<br \/>EORINr: ATEO1000051385<br \/>GISANr: 26971780\/31799393\/26971919<\/p>\r\n<p>&nbsp;<\/p>\r\n<p>&nbsp;<\/p>\r\n\r\n\r\n\r\n<h2 class=\"blue\"><span style=\"text-decoration: underline;\">Welche personenbezogenen Daten wir sammeln und warum wir sie sammeln<\/span><\/h2>\r\n<p><span class=\"blue\">\r\n\r\n\r\n\r\n\r\n\r\n<\/span><\/p>\r\n<p class=\"blue\">\u00a0<\/p>\r\n<p><span class=\"blue\">\r\n\r\n<\/span><\/p>\r\n<h3 class=\"blue\"><span style=\"text-decoration: underline;\">Kontaktformulare<\/span><\/h3>\r\n<p class=\"blue\"><span style=\"text-decoration: underline;\">\r\n\r\n<\/span><\/p>\r\n<h3 class=\"blue\"><span style=\"text-decoration: underline;\">Cookies<\/span><\/h3>\r\n<p><span class=\"blue\">\r\n\r\n<\/span><\/p>\r\n<p class=\"blue\">Wenn du einen Kommentar auf unserer Website schreibst, kann das eine Einwilligung sein, deinen Namen, E-Mail-Adresse und Website in Cookies zu speichern. Dies ist eine Komfortfunktion, damit du nicht, wenn du einen weiteren Kommentar schreibst, all diese Daten erneut eingeben musst. Diese Cookies werden ein Jahr lang gespeichert.<\/p>\r\n<p><span class=\"blue\">\r\n\r\n<\/span><\/p>\r\n<p class=\"blue\">Falls du ein Konto hast und dich auf dieser Website anmeldest, werden wir ein tempor\u00e4res Cookie setzen, um festzustellen, ob dein Browser Cookies akzeptiert. Dieses Cookie enth\u00e4lt keine personenbezogenen Daten und wird verworfen, wenn du deinen Browser schlie\u00dft.<\/p>\r\n<p><span class=\"blue\">\r\n\r\n<\/span><\/p>\r\n<p class=\"blue\">Wenn du dich anmeldest, werden wir einige Cookies einrichten, um deine Anmeldeinformationen und Anzeigeoptionen zu speichern. Anmelde-Cookies verfallen nach zwei Tagen und Cookies f\u00fcr die Anzeigeoptionen nach einem Jahr. Falls du bei der Anmeldung \u201eAngemeldet bleiben\u201c ausw\u00e4hlst, wird deine Anmeldung zwei Wochen lang aufrechterhalten. Mit der Abmeldung aus deinem Konto werden die Anmelde-Cookies gel\u00f6scht.<\/p>\r\n<p><span class=\"blue\">\r\n\r\n<\/span><\/p>\r\n<p class=\"blue\">Wenn du einen Artikel bearbeitest oder ver\u00f6ffentlichst, wird ein zus\u00e4tzlicher Cookie in deinem Browser gespeichert. Dieser Cookie enth\u00e4lt keine personenbezogenen Daten und verweist nur auf die Beitrags-ID des Artikels, den du gerade bearbeitet hast. Der Cookie verf\u00e4llt nach einem Tag.<\/p>\r\n<p><span class=\"blue\">\r\n\r\n<\/span><\/p>\r\n<h3 class=\"blue\"><span style=\"text-decoration: underline;\">Eingebettete Inhalte von anderen Websites<\/span><\/h3>\r\n<p><span class=\"blue\">\r\n\r\n<\/span><\/p>\r\n<p class=\"blue\">Beitr\u00e4ge auf dieser Website k\u00f6nnen eingebettete Inhalte beinhalten (z.\u00a0B. Videos, Bilder, Beitr\u00e4ge etc.). Eingebettete Inhalte von anderen Websites verhalten sich exakt so, als ob der Besucher die andere Website besucht h\u00e4tte.<\/p>\r\n<p><span class=\"blue\">\r\n\r\n<\/span><\/p>\r\n<p class=\"blue\">Diese Websites k\u00f6nnen Daten \u00fcber dich sammeln, Cookies benutzen, zus\u00e4tzliche Tracking-Dienste von Dritten einbetten und deine Interaktion mit diesem eingebetteten Inhalt aufzeichnen, inklusive deiner Interaktion mit dem eingebetteten Inhalt, falls du ein Konto hast und auf dieser Website angemeldet bist.<\/p>\r\n<p><span class=\"blue\">\r\n\r\n<\/span><\/p>\r\n<h3 class=\"blue\"><strong><span style=\"text-decoration: underline;\">Analysedienste<\/span><\/strong><\/h3>\r\n<p><span class=\"blue\">\r\n\r\n<\/span><\/p>\r\n<p class=\"blue\">Mit wem wir deine Daten teilen? Wir teilen mit keinem deine Daten!<\/p>\r\n<p class=\"blue\">\r\n\r\n\r\n\r\n<\/p>\r\n<p class=\"blue\">Wie lange wir deine Daten speichern. Deine Daten werden nicht von uns oder durch Drittanbieter gespeichert!<\/p>\r\n<p class=\"blue\">\r\n\r\n\r\n\r\n<\/p>\r\n<p class=\"blue\">Welche Rechte du an deinen Daten hast. Solltest Du der Meinung sein das wir von Dir Daten haben so melde Dich bitte bei unserem Datenbeauftragten Herr J\u00f6rg Lange schriftlich.<\/p>\r\n<p class=\"blue\">\r\n\r\n\r\n\r\n<\/p>\r\n<p class=\"blue\">Wohin wir deine Daten senden. Wir versenden keine Daten an Dritte!<\/p>\r\n<p class=\"blue\">\r\n\r\n\r\n\r\n<\/p>\r\n<p class=\"blue\">Deine Kontakt-Informationen. Deine Daten werden nur auf unserem B\u00fcrorechner gespeichert! Wir lagern keine Daten in eine Cloud aus!<\/p>\r\n<p class=\"blue\">\r\n\r\n<\/p>\r\n<p class=\"blue\">Weitere Informationen<\/p>\r\n<p class=\"blue\">\r\n\r\n<\/p>\r\n<p class=\"blue\">Wie wir deine Daten sch\u00fctzen? Wir lagern keine Daten aus!<\/p>\r\n<p class=\"blue\">\r\n\r\n<\/p>\r\n<p class=\"blue\">Welche Ma\u00dfnahmen wir bei Datenschutzverletzungen anbieten? Bitte melde Dich bei unserem Datenschutzbeauftragten Herrn J\u00f6rg Lange pers\u00f6nlich mit deinem Anliegen.<\/p>\r\n<p class=\"blue\">\r\n\r\n<\/p>\r\n<p class=\"blue\">Von welchen Drittanbietern wir Daten erhalten? Wir erhalten keine Daten von Drittanbietern \u00fcber Kunden.<\/p>\r\n<p class=\"blue\">\r\n\r\n<\/p>\r\n<p class=\"blue\">Welche automatisierte Entscheidungsfindung und\/oder Profilerstellung wir mit Benutzerdaten durchf\u00fchren? Es gibt keine automatisierten Entscheidungsfindungen oder Profilerstellungen!<\/p>\r\n<p class=\"blue\">\r\n\r\n<\/p>\r\n<p class=\"blue\">Vorausgesetzte Offenlegungspflichten der Industrie? Siehe wie oben abgebildet.<\/p>\r\n<p class=\"blue\">Unsere AGB ? Bitte weiterlesen!<\/p>\r\n<p class=\"blue\"><a href=\"https:\/\/sanosil.at\/wp-content\/uploads\/2020\/12\/AGB-EDDIDES-fur-Hompage.pdf\">AGB f\u00fcr Kunden<\/a><\/p>\r\n","protected":false},"excerpt":{"rendered":"<p>\u00a0 Wer wir sind: \u00a0 \u00a0 \u00a0 \u00a0 Handel und Dienstleistung m. DesinfektionsproduktenSch\u00e4dlingsbek\u00e4mpfung\u00a0Bauforensik &nbsp; Offenlegung nach \u00a7 14 HGB Verantwortlich f\u00fcr den Inhalt der Website: J\u00f6rg LangeFa. Eddides e.U.Handel und Dienstleistung m. DesinfektionsproduktenSch\u00e4dlingsbek\u00e4mpfung\u00a0Bauforensik Gesch\u00e4ftsf\u00fchrer und gewerberechtlicher Gesch\u00e4ftsf\u00fchrer: J\u00f6rg Lange\u00a0 Sch\u00e4dlingsbek\u00e4mpfungsmeister \/ Geb\u00e4udereinigungsdesinfektor Rechnungsadresse:Schuhfabrikgasse 17,3.Etage Top 11+11A1230 Wien B\u00fcro\/Lager\/Abholung:Schuhfabrikgasse 17 3 Etage Top 111230 Wien B\u00fcro\/Lager\u00d6ffnungszeiten:montags [&hellip;]<\/p>\n","protected":false},"author":1,"featured_media":0,"parent":0,"menu_order":0,"comment_status":"closed","ping_status":"closed","template":"","meta":[],"_links":{"self":[{"href":"https:\/\/sanosil.at\/index.php?rest_route=\/wp\/v2\/pages\/3"}],"collection":[{"href":"https:\/\/sanosil.at\/index.php?rest_route=\/wp\/v2\/pages"}],"about":[{"href":"https:\/\/sanosil.at\/index.php?rest_route=\/wp\/v2\/types\/page"}],"author":[{"embeddable":true,"href":"https:\/\/sanosil.at\/index.php?rest_route=\/wp\/v2\/users\/1"}],"replies":[{"embeddable":true,"href":"https:\/\/sanosil.at\/index.php?rest_route=%2Fwp%2Fv2%2Fcomments&post=3"}],"version-history":[{"count":32,"href":"https:\/\/sanosil.at\/index.php?rest_route=\/wp\/v2\/pages\/3\/revisions"}],"predecessor-version":[{"id":1206,"href":"https:\/\/sanosil.at\/index.php?rest_route=\/wp\/v2\/pages\/3\/revisions\/1206"}],"wp:attachment":[{"href":"https:\/\/sanosil.at\/index.php?rest_route=%2Fwp%2Fv2%2Fmedia&parent=3"}],"curies":[{"name":"wp","href":"https:\/\/api.w.org\/{rel}","templated":true}]}}